{"id":21,"date":"2024-09-30T23:56:22","date_gmt":"2024-09-30T21:56:22","guid":{"rendered":"https:\/\/www.freundeskreis-benediktinerinnen.at\/wordpress\/?page_id=21"},"modified":"2026-02-12T13:47:38","modified_gmt":"2026-02-12T12:47:38","slug":"impressum","status":"publish","type":"page","link":"https:\/\/www.freundeskreis-benediktinerinnen.at\/?page_id=21","title":{"rendered":"Impressum"},"content":{"rendered":"<p>[et_pb_section fb_built=&#8220;1&#8243; _builder_version=&#8220;4.27.2&#8243; _module_preset=&#8220;default&#8220; background_color=&#8220;#D6D6D6&#8243; global_colors_info=&#8220;{}&#8220;][et_pb_row _builder_version=&#8220;4.27.2&#8243; _module_preset=&#8220;default&#8220; global_colors_info=&#8220;{}&#8220;][et_pb_column type=&#8220;4_4&#8243; _builder_version=&#8220;4.27.2&#8243; _module_preset=&#8220;default&#8220; global_colors_info=&#8220;{}&#8220;][et_pb_text _builder_version=&#8220;4.27.2&#8243; _module_preset=&#8220;default&#8220; text_font=&#8220;|600|||||||&#8220; text_text_color=&#8220;#000000&#8243; global_colors_info=&#8220;{}&#8220;]<\/p>\n<p>&nbsp;<\/p>\n<div id=\"maincontainer\">\n<div id=\"main\">\n<div class=\"\" id=\"content\">\n<div class=\"sqrallwaysboxed \">\n<div class=\"paragraph\">\n<p>&nbsp;<\/p>\n<\/div>\n<\/div>\n<\/div>\n<\/div>\n<\/div>\n<p>[\/et_pb_text][et_pb_accordion _builder_version=&#8220;4.27.2&#8243; _module_preset=&#8220;default&#8220; body_text_color=&#8220;#70232b&#8220; text_orientation=&#8220;justified&#8220; width=&#8220;106.3%&#8220; custom_margin=&#8220;|-61px||||&#8220; locked=&#8220;off&#8220; global_colors_info=&#8220;{}&#8220;][et_pb_accordion_item title=&#8220;Impressum&#8220; open=&#8220;on&#8220; open_toggle_text_color=&#8220;#70232b&#8220; closed_toggle_text_color=&#8220;#0C71C3&#8243; icon_color=&#8220;#0C71C3&#8243; toggle_icon=&#8220;&#x49;||divi||400&#8243; _builder_version=&#8220;4.27.2&#8243; _module_preset=&#8220;default&#8220; body_text_color=&#8220;#70232b&#8220; box_shadow_style=&#8220;preset1&#8243; box_shadow_vertical=&#8220;0px&#8220; box_shadow_blur=&#8220;0px&#8220; box_shadow_spread=&#8220;2px&#8220; box_shadow_color=&#8220;#70232b&#8220; global_colors_info=&#8220;{}&#8220; toggle_font=&#8220;|600|||||||&#8220;]<\/p>\n<div class=\"sqrallwaysboxed \">\n<div class=\"paragraph\">\n<p>Die Website wird vom Verein &#8222;Freundeskreis der Benediktinerinnen vom Unbefleckten Herzen Mariens&#8220; betrieben. Alle Bilder der Website unterliegen dem Urheberrecht. Die Site wurde mit WordPress erstellt. (c) 2024<\/p>\n<p>Der Verein\u00a0&#8222;Freundeskreis der Benediktinerinnen vom Unbefleckten Herzen Mariens&#8220; begleitet, f\u00f6rdert und unterst\u00fctzt\u00a0die Schwesterngemeinschaft und die zuk\u00fcnftige Entwicklung des Klosters.<\/p>\n<p>4652 Steinerkirchen a.d.Traun, Kirchenplatz 2, 07241 2216<\/p>\n<\/div>\n<\/div>\n<div class=\"sqrallwaysboxed \">\n<div class=\"paragraph\"><\/div>\n<\/div>\n<p>[\/et_pb_accordion_item][et_pb_accordion_item title=&#8220;Informationserkl\u00e4rung&#8220; open_toggle_text_color=&#8220;#70232b&#8220; closed_toggle_text_color=&#8220;#0C71C3&#8243; icon_color=&#8220;#0C71C3&#8243; toggle_icon=&#8220;&#x49;||divi||400&#8243; _builder_version=&#8220;4.27.2&#8243; _module_preset=&#8220;default&#8220; body_text_color=&#8220;#70232b&#8220; box_shadow_style=&#8220;preset1&#8243; box_shadow_vertical=&#8220;0px&#8220; box_shadow_blur=&#8220;0px&#8220; box_shadow_spread=&#8220;2px&#8220; box_shadow_color=&#8220;#70232b&#8220; global_colors_info=&#8220;{}&#8220; toggle_font=&#8220;|600|||||||&#8220; open=&#8220;off&#8220;]<\/p>\n<p>Wir verarbeiten Ihre Daten ausschlie\u00dflich auf Grundlage der gesetzlichen Bestimmungen (DSGVO). Verantwortlich f\u00fcr die Verarbeitung Ihrer personenbezogenen Daten ist der Verein \u201eFreundeskreis der Benediktinerinnen vom Unbefleckten Herzen Mariens\u201c. Sofern Sie eine Beitrittserkl\u00e4rung an uns senden, werden diese Daten bei uns lokal f\u00fcr Vereinszwecke gespeichert.<\/p>\n<p>Im Hinblick auf die Verarbeitung Ihrer personenbezogenen Daten haben Sie im Rahmen der gesetzlichen Voraussetzungen das Recht auf Auskunft, Berichtigung und L\u00f6schung sowie auf Einschr\u00e4nkung der Verarbeitung, Widerspruch gegen die Verarbeitung sowie auf Daten\u00fcbertragbarkeit. Wenden Sie sich bitte mit Ihren diesbez\u00fcglichen Anfragen an verein@freundeskreis-benediktinerinnen.at.<\/p>\n<p>Wenn Sie der Ansicht sind, dass die Verarbeitung Ihrer personenbezogenen Daten gegen das Datenschutzrecht verst\u00f6\u00dft, k\u00f6nnen Sie eine Beschwerde bei der Datenschutzbeh\u00f6rde einreichen.<\/p>\n<p>&nbsp;<\/p>\n<p>[\/et_pb_accordion_item][et_pb_accordion_item title=&#8220;Serverstandort \/ Cookie Information&#8220; open_toggle_text_color=&#8220;#70232b&#8220; closed_toggle_text_color=&#8220;#0C71C3&#8243; icon_color=&#8220;#0C71C3&#8243; toggle_icon=&#8220;&#x49;||divi||400&#8243; _builder_version=&#8220;4.27.2&#8243; _module_preset=&#8220;default&#8220; body_text_color=&#8220;#70232b&#8220; box_shadow_style=&#8220;preset1&#8243; box_shadow_vertical=&#8220;0px&#8220; box_shadow_blur=&#8220;0px&#8220; box_shadow_spread=&#8220;2px&#8220; box_shadow_color=&#8220;#70232b&#8220; global_colors_info=&#8220;{}&#8220; toggle_font=&#8220;|600|||||||&#8220; open=&#8220;off&#8220;]<\/p>\n<p><span style=\"font-size: 14px;\">Der Serverstandort auf dem die Website Dateien abgelegt sind, befindet sich in der EU. Das Cookie-Informations-Popup setzt einen Cookie, sobald der Benutzer es geschlossen hat, damit es nicht auf jeder Seite erneut angezeigt wird. Der Cookie wird f\u00fcr 360 Tage gespeichert. Er ist nicht geeignet, den Anwender zu identifizieren.<\/span><\/p>\n<p>&nbsp;<\/p>\n<p>[\/et_pb_accordion_item][et_pb_accordion_item title=&#8220;Social Media&#8220; open_toggle_text_color=&#8220;#70232b&#8220; closed_toggle_text_color=&#8220;#0C71C3&#8243; icon_color=&#8220;#0C71C3&#8243; toggle_icon=&#8220;&#x49;||divi||400&#8243; _builder_version=&#8220;4.27.2&#8243; _module_preset=&#8220;default&#8220; body_text_color=&#8220;#70232b&#8220; box_shadow_style=&#8220;preset1&#8243; box_shadow_vertical=&#8220;0px&#8220; box_shadow_blur=&#8220;0px&#8220; box_shadow_spread=&#8220;2px&#8220; box_shadow_color=&#8220;#70232b&#8220; global_colors_info=&#8220;{}&#8220; toggle_font=&#8220;|600|||||||&#8220; open=&#8220;off&#8220;]<\/p>\n<p>Die vorhandenen Plug-Ins k\u00f6nnen potenziell personenbezogene Daten an die sozialen Netzwerke \u00fcbertragen und\/oder setzen Cookies. Wir haben keinen Einfluss darauf, ob, wie und in welchem Umfang dies geschieht, auch kann der Betreiber des sozialen Netzwerks das Verhalten jederzeit \u00e4ndern. Wenden Sie sich daher direkt an den Betreiber, um mehr zu erfahren.<\/p>\n<p>Unter https:\/\/www.facebook.com\/privacy\/explanation ist die Datenschutzerkl\u00e4rung von Facebook abrufbar. Sie gibt Aufschluss dar\u00fcber, welche Daten von Facebook verarbeitet werden und zu welchen Zwecken sie genutzt werden.<\/p>\n<p>[\/et_pb_accordion_item][\/et_pb_accordion][\/et_pb_column][\/et_pb_row][\/et_pb_section]<\/p>\n","protected":false},"excerpt":{"rendered":"<p>&nbsp; &nbsp; Die Website wird vom Verein &#8222;Freundeskreis der Benediktinerinnen vom Unbefleckten Herzen Mariens&#8220; betrieben. Alle Bilder der Website unterliegen dem Urheberrecht. Die Site wurde mit WordPress erstellt. (c) 2024 Der Verein\u00a0&#8222;Freundeskreis der Benediktinerinnen vom Unbefleckten Herzen Mariens&#8220; begleitet, f\u00f6rdert und unterst\u00fctzt\u00a0die Schwesterngemeinschaft und die zuk\u00fcnftige Entwicklung des Klosters. 4652 Steinerkirchen a.d.Traun, Kirchenplatz 2, 07241 [&hellip;]<\/p>\n","protected":false},"author":1,"featured_media":0,"parent":0,"menu_order":0,"comment_status":"closed","ping_status":"closed","template":"","meta":{"_et_pb_use_builder":"on","_et_pb_old_content":"<!-- wp:divi\/placeholder \/-->","_et_gb_content_width":"","footnotes":""},"class_list":["post-21","page","type-page","status-publish","hentry"],"_links":{"self":[{"href":"https:\/\/www.freundeskreis-benediktinerinnen.at\/index.php?rest_route=\/wp\/v2\/pages\/21","targetHints":{"allow":["GET"]}}],"collection":[{"href":"https:\/\/www.freundeskreis-benediktinerinnen.at\/index.php?rest_route=\/wp\/v2\/pages"}],"about":[{"href":"https:\/\/www.freundeskreis-benediktinerinnen.at\/index.php?rest_route=\/wp\/v2\/types\/page"}],"author":[{"embeddable":true,"href":"https:\/\/www.freundeskreis-benediktinerinnen.at\/index.php?rest_route=\/wp\/v2\/users\/1"}],"replies":[{"embeddable":true,"href":"https:\/\/www.freundeskreis-benediktinerinnen.at\/index.php?rest_route=%2Fwp%2Fv2%2Fcomments&post=21"}],"version-history":[{"count":10,"href":"https:\/\/www.freundeskreis-benediktinerinnen.at\/index.php?rest_route=\/wp\/v2\/pages\/21\/revisions"}],"predecessor-version":[{"id":449,"href":"https:\/\/www.freundeskreis-benediktinerinnen.at\/index.php?rest_route=\/wp\/v2\/pages\/21\/revisions\/449"}],"wp:attachment":[{"href":"https:\/\/www.freundeskreis-benediktinerinnen.at\/index.php?rest_route=%2Fwp%2Fv2%2Fmedia&parent=21"}],"curies":[{"name":"wp","href":"https:\/\/api.w.org\/{rel}","templated":true}]}}