{"id":17,"date":"2024-09-30T23:55:09","date_gmt":"2024-09-30T21:55:09","guid":{"rendered":"https:\/\/www.freundeskreis-benediktinerinnen.at\/wordpress\/?page_id=17"},"modified":"2024-10-07T13:23:07","modified_gmt":"2024-10-07T11:23:07","slug":"benediktinerinnen","status":"publish","type":"page","link":"https:\/\/www.freundeskreis-benediktinerinnen.at\/?page_id=17","title":{"rendered":"Benediktinerinnen"},"content":{"rendered":"<p>[et_pb_section fb_built=&#8220;1&#8243; _builder_version=&#8220;4.27.2&#8243; _module_preset=&#8220;default&#8220; background_color=&#8220;#D6D6D6&#8243; global_colors_info=&#8220;{}&#8220;][et_pb_row column_structure=&#8220;1_3,1_3,1_3&#8243; _builder_version=&#8220;4.27.2&#8243; _module_preset=&#8220;default&#8220; global_colors_info=&#8220;{}&#8220;][et_pb_column type=&#8220;1_3&#8243; _builder_version=&#8220;4.27.2&#8243; _module_preset=&#8220;default&#8220; global_colors_info=&#8220;{}&#8220;][et_pb_image src=&#8220;https:\/\/www.freundeskreis-benediktinerinnen.at\/wp-content\/uploads\/2024\/10\/2-Schwestern.jpg&#8220; title_text=&#8220;SONY DSC&#8220; align=&#8220;center&#8220; _builder_version=&#8220;4.27.2&#8243; _module_preset=&#8220;default&#8220; module_alignment=&#8220;center&#8220; min_height=&#8220;180px&#8220; height=&#8220;180px&#8220; max_height=&#8220;180px&#8220; hover_enabled=&#8220;0&#8243; global_colors_info=&#8220;{}&#8220; sticky_enabled=&#8220;0&#8243;][\/et_pb_image][\/et_pb_column][et_pb_column type=&#8220;1_3&#8243; _builder_version=&#8220;4.27.2&#8243; _module_preset=&#8220;default&#8220; global_colors_info=&#8220;{}&#8220;][et_pb_image src=&#8220;https:\/\/www.freundeskreis-benediktinerinnen.at\/wp-content\/uploads\/2024\/10\/1_TA.jpg&#8220; title_text=&#8220;-1_TA&#8220; align=&#8220;center&#8220; _builder_version=&#8220;4.27.2&#8243; _module_preset=&#8220;default&#8220; module_alignment=&#8220;center&#8220; min_height=&#8220;180px&#8220; height=&#8220;180px&#8220; max_height=&#8220;180px&#8220; hover_enabled=&#8220;0&#8243; global_colors_info=&#8220;{}&#8220; sticky_enabled=&#8220;0&#8243;][\/et_pb_image][\/et_pb_column][et_pb_column type=&#8220;1_3&#8243; _builder_version=&#8220;4.27.2&#8243; _module_preset=&#8220;default&#8220; global_colors_info=&#8220;{}&#8220;][et_pb_image src=&#8220;https:\/\/www.freundeskreis-benediktinerinnen.at\/wp-content\/uploads\/2024\/10\/P6050013.jpg&#8220; title_text=&#8220;OLYMPUS DIGITAL CAMERA&#8220; align=&#8220;center&#8220; _builder_version=&#8220;4.27.2&#8243; _module_preset=&#8220;default&#8220; module_alignment=&#8220;center&#8220; min_height=&#8220;180px&#8220; height=&#8220;180px&#8220; max_height=&#8220;180px&#8220; hover_enabled=&#8220;0&#8243; global_colors_info=&#8220;{}&#8220; sticky_enabled=&#8220;0&#8243;][\/et_pb_image][\/et_pb_column][\/et_pb_row][et_pb_row column_structure=&#8220;1_3,1_3,1_3&#8243; _builder_version=&#8220;4.27.2&#8243; _module_preset=&#8220;default&#8220; global_colors_info=&#8220;{}&#8220;][et_pb_column type=&#8220;1_3&#8243; _builder_version=&#8220;4.27.2&#8243; _module_preset=&#8220;default&#8220; global_colors_info=&#8220;{}&#8220;][et_pb_accordion _builder_version=&#8220;4.27.2&#8243; _module_preset=&#8220;default&#8220; body_text_color=&#8220;#70232b&#8220; text_orientation=&#8220;justified&#8220; width=&#8220;106.3%&#8220; custom_margin=&#8220;|-61px||||&#8220; locked=&#8220;off&#8220; global_colors_info=&#8220;{}&#8220;][et_pb_accordion_item title=&#8220;Schwesterngemeinschaft&#8220; open=&#8220;on&#8220; open_toggle_text_color=&#8220;#70232b&#8220; closed_toggle_text_color=&#8220;#0C71C3&#8243; icon_color=&#8220;#0C71C3&#8243; toggle_icon=&#8220;&#x49;||divi||400&#8243; _builder_version=&#8220;4.27.2&#8243; _module_preset=&#8220;default&#8220; body_text_color=&#8220;#70232b&#8220; box_shadow_style=&#8220;preset1&#8243; box_shadow_vertical=&#8220;0px&#8220; box_shadow_blur=&#8220;0px&#8220; box_shadow_spread=&#8220;2px&#8220; box_shadow_color=&#8220;#70232b&#8220; global_colors_info=&#8220;{}&#8220; toggle_font=&#8220;|600|||||||&#8220;]<\/p>\n<div class=\"sqrallwaysboxed \">\n<div class=\"paragraph\">\n<p><strong>ORA &#8211; LABORA &#8211; LEGE<\/strong><br \/>Mit diesen Worten wird die Ordensregel, die Regel des hl. Benedikt, zusammengefasst.<\/p>\n<p><strong>BETEN &#8211; ARBEITEN &#8211; LESEN<\/strong><br \/>Reflektieren, studieren zur Verherrlichung Gottes und f\u00fcr den Dienst an den Menschen.<\/p>\n<div class=\"clearfix\"><strong>Gr\u00fcndung<\/strong><\/div>\n<\/div>\n<\/div>\n<div class=\"sqrallwaysboxed \">\n<div class=\"paragraph\">\n<p>Der Ursprung der Schwesterngemeinschaft liegt in den Zwanziger Jahren des vorigen Jahrhunderts. Auf Initiative von Pater Norbert Schachinger (1897 \u2013 1974), einem Benediktiner des Stiftes Kremsm\u00fcnster, bildete sich eine Gruppe von Frauen, die sich in den Dienst der Kirche stellten. Sie widmeten sich u.a. den vielen bed\u00fcrftigen Menschen in den Barackenvierteln von Linz.<\/p>\n<p>Ihre erste Heimat hatte die Gemeinschaft in Kremsm\u00fcnster im Exerzitienhaus Subiaco. 1949 wurde sie als Kongregation di\u00f6zesanen Rechts offiziell errichtet, untersteht also dem Bischof von Linz.<\/p>\n<p>Seit 1950 ist das Mutterhaus in Steinerkirchen an der Traun, wo der ehemalige Pfarrhof im Lauf der Jahrzehnte zu einem Kloster ausgebaut wurde.<\/p>\n<p><a href=\"http:\/\/www.benediktinerinnen.at\/\" title=\"Zur Website des Benediktinerinnen Klosters\" target=\"_blank\" rel=\"noopener\">Mehr Information auf der Website der Benediktinerinnen &#8230;<\/a><\/p>\n<\/div>\n<\/div>\n<p>[\/et_pb_accordion_item][\/et_pb_accordion][\/et_pb_column][et_pb_column type=&#8220;1_3&#8243; _builder_version=&#8220;4.27.2&#8243; _module_preset=&#8220;default&#8220; global_colors_info=&#8220;{}&#8220;][et_pb_accordion _builder_version=&#8220;4.27.2&#8243; _module_preset=&#8220;default&#8220; body_text_color=&#8220;#70232b&#8220; text_orientation=&#8220;justified&#8220; width=&#8220;106.3%&#8220; custom_margin=&#8220;|-61px||||&#8220; locked=&#8220;off&#8220; global_colors_info=&#8220;{}&#8220;][et_pb_accordion_item title=&#8220;Paramentik&#8220; open=&#8220;on&#8220; open_toggle_text_color=&#8220;#70232b&#8220; closed_toggle_text_color=&#8220;#0C71C3&#8243; icon_color=&#8220;#0C71C3&#8243; toggle_icon=&#8220;&#x49;||divi||400&#8243; _builder_version=&#8220;4.27.2&#8243; _module_preset=&#8220;default&#8220; body_text_color=&#8220;#70232b&#8220; box_shadow_style=&#8220;preset1&#8243; box_shadow_vertical=&#8220;0px&#8220; box_shadow_blur=&#8220;0px&#8220; box_shadow_spread=&#8220;2px&#8220; box_shadow_color=&#8220;#70232b&#8220; global_colors_info=&#8220;{}&#8220; toggle_font=&#8220;|600|||||||&#8220;]<\/p>\n<p>Mit Paramente werden Textilien f\u00fcr den gottesdienstlichen Gebrauch bezeichnet. Dazu geh\u00f6ren die Gew\u00e4nder f\u00fcr Personen, die einen liturgischen Dienst aus\u00fcben (Priester, Diakone, Leiter\/innen von Wort-Gottes-Feiern, Ministrant\/inn\/en etc.). Zu den Paramenten z\u00e4hlt auch die textile Ausstattung eines sakralen Raumes: Altart\u00fccher, Beh\u00e4nge, Fahnen, Baldachine, Gew\u00e4nder von Figuren u.a.m.<\/p>\n<p>Mit dem Werk unserer H\u00e4nde leisten wir seit 40 Jahren einen bedeutenden Beitrag f\u00fcr die w\u00fcrdige Feier der Liturgie. Die kreative Gestaltung der Gew\u00e4nder bzw. Textilien und die Qualit\u00e4t in der Ausf\u00fchrung sind uns ein gro\u00dfes Anliegen und t\u00e4gliche Herausforderung. In Zusammenarbeit mit unseren Kunden entstehen unverwechselbare Einzelst\u00fccke. Auch die Entw\u00fcrfe von K\u00fcnstler\/inne\/n bekommen in unserer Werkstatt ihre konkrete Gestalt.<\/p>\n<p><a href=\"https:\/\/www.dioezese-linz.at\/orden\/benediktinerinnen\/paramentik\" title=\"Zur Website der Paramentik\" target=\"_blank\" rel=\"noopener\">Mehr Informationen auf der Website der Paramentik &#8230;<\/a><\/p>\n<p>[\/et_pb_accordion_item][\/et_pb_accordion][\/et_pb_column][et_pb_column type=&#8220;1_3&#8243; _builder_version=&#8220;4.27.2&#8243; _module_preset=&#8220;default&#8220; global_colors_info=&#8220;{}&#8220;][et_pb_accordion _builder_version=&#8220;4.27.2&#8243; _module_preset=&#8220;default&#8220; body_text_color=&#8220;#70232b&#8220; text_orientation=&#8220;justified&#8220; width=&#8220;106.3%&#8220; custom_margin=&#8220;|-61px||||&#8220; locked=&#8220;off&#8220; global_colors_info=&#8220;{}&#8220;][et_pb_accordion_item title=&#8220;G\u00e4stebetrieb&#8220; open=&#8220;on&#8220; open_toggle_text_color=&#8220;#70232b&#8220; closed_toggle_text_color=&#8220;#0C71C3&#8243; icon_color=&#8220;#0C71C3&#8243; toggle_icon=&#8220;&#x49;||divi||400&#8243; _builder_version=&#8220;4.27.2&#8243; _module_preset=&#8220;default&#8220; body_text_color=&#8220;#70232b&#8220; box_shadow_style=&#8220;preset1&#8243; box_shadow_vertical=&#8220;0px&#8220; box_shadow_blur=&#8220;0px&#8220; box_shadow_spread=&#8220;2px&#8220; box_shadow_color=&#8220;#70232b&#8220; global_colors_info=&#8220;{}&#8220; toggle_font=&#8220;|600|||||||&#8220;]<\/p>\n<p>Wenn Sie in der Region eine \u00dcbernachtungsm\u00f6glichkeit suchen (auch aus beruflichen Gr\u00fcnden), stellen wir Ihnen gerne eines unserer ruhigen G\u00e4stezimmer zur Verf\u00fcgung (Ein- oder Zweibettzimmer, Dachgescho\u00df, gro\u00dfteils zum wundersch\u00f6nen Innenhof des Klosters gelegen).<\/p>\n<p>Ausstattung: DU\/WC, WLAN, Etagenk\u00fcche mit TV. Alle Zimmer sind mit dem Lift erreichbar.<\/p>\n<p><a href=\"https:\/\/www.dioezese-linz.at\/institution\/9047\/zugastsein\/gaestebetrieb\" title=\"Zum G\u00e4stebetrieb\" target=\"_blank\" rel=\"noopener\">Weiter zum G\u00e4stebetrieb &#8230;<\/a><\/p>\n<p>[\/et_pb_accordion_item][\/et_pb_accordion][\/et_pb_column][\/et_pb_row][\/et_pb_section]<\/p>\n","protected":false},"excerpt":{"rendered":"<p>ORA &#8211; LABORA &#8211; LEGEMit diesen Worten wird die Ordensregel, die Regel des hl. Benedikt, zusammengefasst. BETEN &#8211; ARBEITEN &#8211; LESENReflektieren, studieren zur Verherrlichung Gottes und f\u00fcr den Dienst an den Menschen. Gr\u00fcndung Der Ursprung der Schwesterngemeinschaft liegt in den Zwanziger Jahren des vorigen Jahrhunderts. Auf Initiative von Pater Norbert Schachinger (1897 \u2013 1974), einem [&hellip;]<\/p>\n","protected":false},"author":1,"featured_media":0,"parent":0,"menu_order":0,"comment_status":"closed","ping_status":"closed","template":"","meta":{"_et_pb_use_builder":"on","_et_pb_old_content":"<!-- wp:divi\/placeholder \/-->","_et_gb_content_width":"","footnotes":""},"class_list":["post-17","page","type-page","status-publish","hentry"],"_links":{"self":[{"href":"https:\/\/www.freundeskreis-benediktinerinnen.at\/index.php?rest_route=\/wp\/v2\/pages\/17","targetHints":{"allow":["GET"]}}],"collection":[{"href":"https:\/\/www.freundeskreis-benediktinerinnen.at\/index.php?rest_route=\/wp\/v2\/pages"}],"about":[{"href":"https:\/\/www.freundeskreis-benediktinerinnen.at\/index.php?rest_route=\/wp\/v2\/types\/page"}],"author":[{"embeddable":true,"href":"https:\/\/www.freundeskreis-benediktinerinnen.at\/index.php?rest_route=\/wp\/v2\/users\/1"}],"replies":[{"embeddable":true,"href":"https:\/\/www.freundeskreis-benediktinerinnen.at\/index.php?rest_route=%2Fwp%2Fv2%2Fcomments&post=17"}],"version-history":[{"count":11,"href":"https:\/\/www.freundeskreis-benediktinerinnen.at\/index.php?rest_route=\/wp\/v2\/pages\/17\/revisions"}],"predecessor-version":[{"id":238,"href":"https:\/\/www.freundeskreis-benediktinerinnen.at\/index.php?rest_route=\/wp\/v2\/pages\/17\/revisions\/238"}],"wp:attachment":[{"href":"https:\/\/www.freundeskreis-benediktinerinnen.at\/index.php?rest_route=%2Fwp%2Fv2%2Fmedia&parent=17"}],"curies":[{"name":"wp","href":"https:\/\/api.w.org\/{rel}","templated":true}]}}